{"id":12245,"date":"2022-06-23T10:54:36","date_gmt":"2022-06-23T07:54:36","guid":{"rendered":"https:\/\/arkas.com.tr\/en\/?page_id=12245"},"modified":"2024-10-16T14:14:32","modified_gmt":"2024-10-16T11:14:32","slug":"contact","status":"publish","type":"page","link":"https:\/\/arkas.com.tr\/en\/contact\/","title":{"rendered":"Contact"},"content":{"rendered":"<section class=\"l-section wpb_row height_auto\" id=\"first\"><div class=\"l-section-h i-cf\"><div class=\"g-cols vc_row via_flex valign_top type_default stacking_default\"><div class=\"vc_col-sm-12 wpb_column vc_column_container\"><div class=\"vc_column-inner\"><div class=\"wpb_wrapper\"><div class=\"w-separator size_large\"><\/div><div class=\"wpb_text_column us_custom_6217dcc9\"><div class=\"wpb_wrapper\"><h1>Contact<\/h1>\n<\/div><\/div><div class=\"w-separator size_small\"><\/div><div class=\"w-separator size_small\"><\/div><div class=\"g-cols wpb_row via_flex valign_top type_default stacking_default\"><div class=\"vc_col-sm-8 wpb_column vc_column_container us_animate_afl\"><div class=\"vc_column-inner\"><div class=\"wpb_wrapper\"><form class=\"w-form  layout_ver for_cform us_form_1\" autocomplete=\"off\" action=\"https:\/\/arkas.com.tr\/en\/en\/wp-json\/wp\/v2\/pages\/12245\" method=\"post\"><div class=\"w-form-h\"><div class=\"w-form-row for_text required cols_2\">\r\n\t\t<div class=\"w-form-row-field\">\r\n\t\t\t\t\t\t<input aria-label=\"Name\" type=\"text\" name=\"us_form_1_text_1\" value placeholder=\"Name *\" data-required=\"true\" aria-required=\"true\"\/>\r\n\t\t\t<\/div>\r\n\t\t<div class=\"w-form-row-state\">Fill out this field<\/div>\r\n<\/div>\r\n<div class=\"w-form-row for_text required cols_2\">\r\n\t\t<div class=\"w-form-row-field\">\r\n\t\t\t\t\t\t<input aria-label=\"Surname\" type=\"text\" name=\"us_form_1_text_2\" value placeholder=\"Surname *\" data-required=\"true\" aria-required=\"true\"\/>\r\n\t\t\t<\/div>\r\n\t\t<div class=\"w-form-row-state\">Fill out this field<\/div>\r\n<\/div>\r\n<div class=\"w-form-row for_email required cols_2\">\r\n\t\t<div class=\"w-form-row-field\">\r\n\t\t\t\t\t\t<input aria-label=\"E-Mail Address\" type=\"email\" name=\"us_form_1_email_1\" value placeholder=\"E-Mail Address *\" data-required=\"true\" aria-required=\"true\"\/>\r\n\t\t\t<\/div>\r\n\t\t<div class=\"w-form-row-state\">L\u00fctfen ge\u00e7erli bir e-posta adresi yaz\u0131n.<\/div>\r\n<\/div>\r\n<div class=\"w-form-row for_text required cols_2\">\r\n\t\t<div class=\"w-form-row-field\">\r\n\t\t\t\t\t\t<input aria-label=\"Subject\" type=\"text\" name=\"us_form_1_text_3\" value placeholder=\"Subject *\" data-required=\"true\" aria-required=\"true\"\/>\r\n\t\t\t<\/div>\r\n\t\t<div class=\"w-form-row-state\">Fill out this field<\/div>\r\n<\/div>\r\n<div class=\"w-form-row for_textarea required\">\r\n\t\t<div class=\"w-form-row-field\">\r\n\t\t\t\t\t\t<textarea aria-label=\"Write Text...\" name=\"us_form_1_textarea_1\" placeholder=\"Write Text... *\" data-required=\"true\" aria-required=\"true\"><\/textarea>\r\n\t\t\t<\/div>\r\n\t\t<div class=\"w-form-row-state\">Fill out this field<\/div>\r\n<\/div>\r\n<input type=\"hidden\" name=\"action\" value=\"us_ajax_cform\" \/>\r\n<input type=\"hidden\" name=\"post_id\" value=\"0\" \/>\r\n<input type=\"hidden\" name=\"form_index\" value=\"1\" \/>\r\n<div class=\"w-form-row for_submit align_none\">\r\n\t<button class=\"w-btn  us-btn-style_1\" aria-label=\"SEND\" type=\"submit\">\r\n\t\t<span class=\"g-preloader type_1\"><\/span>\r\n\t\t\t\t<span class=\"w-btn-label\">SEND<\/span>\r\n\t\t\t<\/button>\r\n\t<\/div>\r\n<\/div><div class=\"w-form-message\"><\/div><div class=\"w-form-json hidden\" onclick='return {&quot;ajaxurl&quot;:&quot;https:\\\/\\\/arkas.com.tr\\\/en\\\/wp-admin\\\/admin-ajax.php&quot;,&quot;messages&quot;:{&quot;err_empty&quot;:&quot;Fill out this field&quot;,&quot;err_size&quot;:&quot;File size cannot exceed %s MB&quot;,&quot;err_extension&quot;:&quot;%s file type is not allowed&quot;}}'><\/div><\/form><\/div><\/div><\/div><div class=\"vc_col-sm-4 wpb_column vc_column_container has_text_color  has_bg_color\"><div class=\"vc_column-inner us_custom_d85963f2 us_animate_this\"><div class=\"wpb_wrapper\"><div class=\"wpb_text_column\"><div class=\"wpb_wrapper\"><p><iframe loading=\"lazy\" style=\"border: 0;\" src=\"https:\/\/www.google.com\/maps\/embed?pb=!1m18!1m12!1m3!1d7361.698505895438!2d27.16369546432099!3d38.43789630837035!2m3!1f0!2f0!3f0!3m2!1i1024!2i768!4f13.1!3m3!1m2!1s0x14bbd86e692fd51d%3A0x5c3fbfecfeb9702a!2sArkas!5e0!3m2!1str!2str!4v1717136943647!5m2!1str!2str\" width=\"100%\" height=\"150\" allowfullscreen=\"allowfullscreen\"><\/iframe><\/p>\n<\/div><\/div><div class=\"wpb_text_column\"><div class=\"wpb_wrapper\"><p>Liman Caddesi Arkas Binas\u0131 No:38 Alsancak 35230 \u0130zmir \/ T\u00fcrkiye<\/p>\n<p><span style=\"color: #ffffff;\"><a style=\"color: #ffffff;\" href=\"mailto:arkasizm@arkas.com.tr\">arkasizm@arkas.com.tr<\/a><\/span><br \/>\nTel: +90 (232) 477 77 77<br \/>\nFax: +90 (232) 411 00 00 &#8211; 11<\/p>\n<\/div><\/div><div class=\"w-btn-wrapper align_left\"><a class=\"w-btn us-btn-style_1 us_custom_e9c5ae48 icon_atleft\" target=\"_blank\" rel=\"nofollow\" href=\"https:\/\/goo.gl\/maps\/7Ru9ywsiDDBu88y16\"><i class=\"fal fa-map-marker-alt\"><\/i><span class=\"w-btn-label\">GET DIRECTIONS<\/span><\/a><\/div><\/div><\/div><\/div><\/div><div class=\"w-separator size_medium\"><\/div><div class=\"w-separator size_huge\"><\/div><\/div><\/div><\/div><\/div><\/div><\/section>\n","protected":false},"excerpt":{"rendered":"Contact Fill out this field Fill out this field L\u00fctfen ge\u00e7erli bir e-posta adresi yaz\u0131n. Fill out this field Fill out this field SEND Liman Caddesi Arkas Binas\u0131 No:38 Alsancak 35230 \u0130zmir \/ T\u00fcrkiye arkasizm@arkas.com.tr Tel: +90 (232) 477 77 77 Fax: +90 (232) 411 00 00 &#8211; 11 GET DIRECTIONS","protected":false},"author":1,"featured_media":0,"parent":0,"menu_order":0,"comment_status":"closed","ping_status":"closed","template":"","meta":{"_acf_changed":false,"footnotes":""},"class_list":["post-12245","page","type-page","status-publish","hentry"],"acf":[],"_links":{"self":[{"href":"https:\/\/arkas.com.tr\/en\/wp-json\/wp\/v2\/pages\/12245","targetHints":{"allow":["GET"]}}],"collection":[{"href":"https:\/\/arkas.com.tr\/en\/wp-json\/wp\/v2\/pages"}],"about":[{"href":"https:\/\/arkas.com.tr\/en\/wp-json\/wp\/v2\/types\/page"}],"author":[{"embeddable":true,"href":"https:\/\/arkas.com.tr\/en\/wp-json\/wp\/v2\/users\/1"}],"replies":[{"embeddable":true,"href":"https:\/\/arkas.com.tr\/en\/wp-json\/wp\/v2\/comments?post=12245"}],"version-history":[{"count":40,"href":"https:\/\/arkas.com.tr\/en\/wp-json\/wp\/v2\/pages\/12245\/revisions"}],"predecessor-version":[{"id":16633,"href":"https:\/\/arkas.com.tr\/en\/wp-json\/wp\/v2\/pages\/12245\/revisions\/16633"}],"wp:attachment":[{"href":"https:\/\/arkas.com.tr\/en\/wp-json\/wp\/v2\/media?parent=12245"}],"curies":[{"name":"wp","href":"https:\/\/api.w.org\/{rel}","templated":true}]}}