{"id":16577,"date":"2024-10-16T08:20:24","date_gmt":"2024-10-16T05:20:24","guid":{"rendered":"https:\/\/arkas.com.tr\/en\/?page_id=16577"},"modified":"2025-03-19T16:16:17","modified_gmt":"2025-03-19T13:16:17","slug":"diane-arcas-gocmez","status":"publish","type":"page","link":"https:\/\/arkas.com.tr\/en\/family-board\/diane-arcas-gocmez\/","title":{"rendered":"Diane Arcas G\u00f6\u00e7mez"},"content":{"rendered":"<section class=\"l-section wpb_row us_custom_802e1673 height_auto\"><div class=\"l-section-h i-cf\"><div class=\"g-cols vc_row via_flex valign_top type_default stacking_default\"><div class=\"vc_col-sm-12 wpb_column vc_column_container\"><div class=\"vc_column-inner\"><div class=\"wpb_wrapper\"><div class=\"w-separator size_small\"><\/div><div class=\"wpb_text_column\"><div class=\"wpb_wrapper\"><h1 style=\"text-align: center;\"><span style=\"color: #00247d;\">Diane Arcas G\u00f6\u00e7mez<\/span><\/h1>\n<\/div><\/div><div class=\"w-image align_center\"><div class=\"w-image-h\"><img loading=\"lazy\" decoding=\"async\" width=\"90\" height=\"34\" src=\"https:\/\/arkas.com.tr\/en\/wp-content\/uploads\/2021\/05\/line-1.png\" class=\"attachment-full size-full\" alt=\"\" \/><\/div><\/div><div class=\"w-image align_center\"><a target=\"_blank\" href=\"https:\/\/arkas.com.tr\/en\/wp-content\/uploads\/2024\/05\/diane.jpg\" aria-label=\"Diane-Arcas-Gocmez-1-1024x683-1\" class=\"w-image-h\"><img loading=\"lazy\" decoding=\"async\" width=\"1024\" height=\"480\" src=\"https:\/\/arkas.com.tr\/en\/wp-content\/uploads\/2021\/05\/Diane-Arcas-Gocmez-1-1024x683-1.jpg\" class=\"attachment-full size-full\" alt=\"\" srcset=\"https:\/\/arkas.com.tr\/en\/wp-content\/uploads\/2021\/05\/Diane-Arcas-Gocmez-1-1024x683-1.jpg 1024w, https:\/\/arkas.com.tr\/en\/wp-content\/uploads\/2021\/05\/Diane-Arcas-Gocmez-1-1024x683-1-300x141.jpg 300w, https:\/\/arkas.com.tr\/en\/wp-content\/uploads\/2021\/05\/Diane-Arcas-Gocmez-1-1024x683-1-600x281.jpg 600w\" sizes=\"auto, (max-width: 1024px) 100vw, 1024px\" \/><\/a><\/div><div class=\"w-separator size_small\"><\/div><div class=\"g-cols wpb_row via_flex valign_top type_default stacking_default\"><div class=\"vc_col-sm-12 wpb_column vc_column_container\"><div class=\"vc_column-inner\"><div class=\"wpb_wrapper\"><div class=\"wpb_text_column\"><div class=\"wpb_wrapper\"><div align=\"justify\">\n<div class=\"g-cols wpb_row type_default valign_top vc_inner \">\n<div class=\"vc_col-sm-12 wpb_column vc_column_container\">\n<div class=\"vc_column-inner\">\n<div class=\"wpb_wrapper\">\n<div class=\"wpb_text_column \">\n<div class=\"wpb_wrapper\">\n<div align=\"justify\">\n<p>Born in Izmir in 1972, Diane Arcas G\u00f6\u00e7mez graduated from Bo\u011fazi\u00e7i University, Department of International Relations in 1995. She is still continuing her academic studies with her MBA in Maritime and Logistics at Middlesex University. Diane Arcas, who started her career at Arkas in 1993, has worked in a wide range of specializations and levels of the Agency Group. While serving as Arkas Shipping Istanbul Branch Manager in 2000, she also took part in Arkas&#8217; Institutionalization Project.<\/p>\n<p>Within the scope of this Project, she still manages the central purchasing and audit functions, along with the SAP accounting and finance information systems modules, budget management systems, which she established and managed between 2000-2007.<\/p>\n<p>She assumed the responsibility of the Logistics Group in 2007 and still continues her duty as Logistics Group President.<\/p>\n<\/div>\n<\/div>\n<\/div>\n<\/div>\n<\/div>\n<\/div>\n<\/div>\n<\/div>\n<\/div><\/div><div class=\"w-separator size_small\"><\/div><div class=\"w-socials color_brand shape_square style_solid hover_fade\"><div class=\"w-socials-list\"><div class=\"w-socials-item linkedin\"><a href=\"https:\/\/www.linkedin.com\/in\/diane-arcas-g\u00f6\u00e7mez-51779393\/\" class=\"w-socials-item-link\" title=\"LinkedIn\" aria-label=\"LinkedIn\"><span class=\"w-socials-item-link-hover\"><\/span><i class=\"fab fa-linkedin\"><\/i><\/a><div class=\"w-socials-item-popup\"><span>LinkedIn<\/span><\/div><\/div><\/div><\/div><\/div><\/div><\/div><\/div><div class=\"w-separator size_large\"><\/div><\/div><\/div><\/div><\/div><\/div><\/section>\n","protected":false},"excerpt":{"rendered":"Diane Arcas G\u00f6\u00e7mez Born in Izmir in 1972, Diane Arcas G\u00f6\u00e7mez graduated from Bo\u011fazi\u00e7i University, Department of International Relations in 1995. She is still continuing her academic studies with her MBA in Maritime and Logistics at Middlesex University. Diane Arcas, who started her career at Arkas in 1993, has worked in a wide range of...","protected":false},"author":1,"featured_media":0,"parent":16579,"menu_order":0,"comment_status":"closed","ping_status":"closed","template":"","meta":{"_acf_changed":false,"footnotes":""},"class_list":["post-16577","page","type-page","status-publish","hentry"],"acf":[],"_links":{"self":[{"href":"https:\/\/arkas.com.tr\/en\/wp-json\/wp\/v2\/pages\/16577","targetHints":{"allow":["GET"]}}],"collection":[{"href":"https:\/\/arkas.com.tr\/en\/wp-json\/wp\/v2\/pages"}],"about":[{"href":"https:\/\/arkas.com.tr\/en\/wp-json\/wp\/v2\/types\/page"}],"author":[{"embeddable":true,"href":"https:\/\/arkas.com.tr\/en\/wp-json\/wp\/v2\/users\/1"}],"replies":[{"embeddable":true,"href":"https:\/\/arkas.com.tr\/en\/wp-json\/wp\/v2\/comments?post=16577"}],"version-history":[{"count":2,"href":"https:\/\/arkas.com.tr\/en\/wp-json\/wp\/v2\/pages\/16577\/revisions"}],"predecessor-version":[{"id":16734,"href":"https:\/\/arkas.com.tr\/en\/wp-json\/wp\/v2\/pages\/16577\/revisions\/16734"}],"up":[{"embeddable":true,"href":"https:\/\/arkas.com.tr\/en\/wp-json\/wp\/v2\/pages\/16579"}],"wp:attachment":[{"href":"https:\/\/arkas.com.tr\/en\/wp-json\/wp\/v2\/media?parent=16577"}],"curies":[{"name":"wp","href":"https:\/\/api.w.org\/{rel}","templated":true}]}}