{"id":16619,"date":"2024-10-16T11:09:59","date_gmt":"2024-10-16T08:09:59","guid":{"rendered":"https:\/\/arkas.com.tr\/en\/?page_id=16619"},"modified":"2024-10-16T15:46:10","modified_gmt":"2024-10-16T12:46:10","slug":"blue-line","status":"publish","type":"page","link":"https:\/\/arkas.com.tr\/en\/contact\/blue-line\/","title":{"rendered":"Blue Line"},"content":{"rendered":"<section class=\"l-section wpb_row height_custom\"><div class=\"l-section-h i-cf\"><div class=\"g-cols vc_row via_flex valign_top type_default stacking_default\"><div class=\"vc_col-sm-12 wpb_column vc_column_container\"><div class=\"vc_column-inner\"><div class=\"wpb_wrapper\"><div class=\"wpb_text_column\"><div class=\"wpb_wrapper\"><p><img loading=\"lazy\" decoding=\"async\" class=\"aligncenter wp-image-8402\" src=\"https:\/\/arkas.com.tr\/en\/wp-content\/uploads\/2024\/10\/blue.png\" alt=\"\" width=\"240\" height=\"92\" \/><\/p>\n<\/div><\/div><div class=\"w-separator size_medium\"><\/div><div class=\"wpb_text_column\"><div class=\"wpb_wrapper\"><p>In order to provide you, our valuable customers, with better service, we ask that you share your suggestions, requests and complaints with us. The fields on the request form with the symbol beside them are required, and the information in these fields must be completely filling out. After entering all of the information on the request form, click the SEND button and the information will automatically be forwarded to us.<\/p>\n<p style=\"text-align: center;\"><strong>+90 (232) 477 77 70<\/strong><\/p>\n<p style=\"text-align: center;\"><strong><a href=\"mailto:mavihat@arkas.com.tr\">mavihat@arkas.com.tr<\/a><\/strong><\/p>\n<\/div><\/div><div class=\"w-separator size_medium\"><\/div>\n<div class=\"wpcf7 no-js\" id=\"wpcf7-f11590-o1\" lang=\"tr-TR\" dir=\"ltr\" data-wpcf7-id=\"11590\">\n<div class=\"screen-reader-response\"><p role=\"status\" aria-live=\"polite\" aria-atomic=\"true\"><\/p> <ul><\/ul><\/div>\n<form action=\"\/en\/wp-json\/wp\/v2\/pages\/16619#wpcf7-f11590-o1\" method=\"post\" class=\"wpcf7-form init\" aria-label=\"\u0130leti\u015fim Formu\" novalidate=\"novalidate\" data-status=\"init\">\n<fieldset class=\"hidden-fields-container\"><input type=\"hidden\" name=\"_wpcf7\" value=\"11590\" \/><input type=\"hidden\" name=\"_wpcf7_version\" value=\"6.1.5\" \/><input type=\"hidden\" name=\"_wpcf7_locale\" value=\"tr_TR\" \/><input type=\"hidden\" name=\"_wpcf7_unit_tag\" value=\"wpcf7-f11590-o1\" \/><input type=\"hidden\" name=\"_wpcf7_container_post\" value=\"0\" \/><input type=\"hidden\" name=\"_wpcf7_posted_data_hash\" value=\"\" \/>\n<\/fieldset>\n<p><label> Name \/ Surname (required)<br \/>\n<span class=\"wpcf7-form-control-wrap\" data-name=\"your-name\"><input size=\"40\" maxlength=\"400\" class=\"wpcf7-form-control wpcf7-text wpcf7-validates-as-required\" aria-required=\"true\" aria-invalid=\"false\" value=\"\" type=\"text\" name=\"your-name\" \/><\/span> <\/label>\n<\/p>\n<p>Company Name (required)<br \/>\n<span class=\"wpcf7-form-control-wrap\" data-name=\"your-name\"><input size=\"40\" maxlength=\"400\" class=\"wpcf7-form-control wpcf7-text wpcf7-validates-as-required\" aria-required=\"true\" aria-invalid=\"false\" value=\"\" type=\"text\" name=\"your-name\" \/><\/span>\n<\/p>\n<p>Job<br \/>\n<span class=\"wpcf7-form-control-wrap\" data-name=\"your-name\"><input size=\"40\" maxlength=\"400\" class=\"wpcf7-form-control wpcf7-text wpcf7-validates-as-required\" aria-required=\"true\" aria-invalid=\"false\" value=\"\" type=\"text\" name=\"your-name\" \/><\/span>\n<\/p>\n<p>E-mail (required)<br \/>\n<span class=\"wpcf7-form-control-wrap\" data-name=\"your-email\"><input size=\"40\" maxlength=\"400\" class=\"wpcf7-form-control wpcf7-email wpcf7-validates-as-required wpcf7-text wpcf7-validates-as-email\" aria-required=\"true\" aria-invalid=\"false\" value=\"\" type=\"email\" name=\"your-email\" \/><\/span>\n<\/p>\n<p>Personal Number<br \/>\n<span class=\"wpcf7-form-control-wrap\" data-name=\"tel\"><input size=\"40\" maxlength=\"400\" class=\"wpcf7-form-control wpcf7-tel wpcf7-validates-as-required wpcf7-text wpcf7-validates-as-tel\" aria-required=\"true\" aria-invalid=\"false\" value=\"\" type=\"tel\" name=\"tel\" \/><\/span>\n<\/p>\n<p>Business Number (required)<br \/>\n<span class=\"wpcf7-form-control-wrap\" data-name=\"tel\"><input size=\"40\" maxlength=\"400\" class=\"wpcf7-form-control wpcf7-tel wpcf7-validates-as-required wpcf7-text wpcf7-validates-as-tel\" aria-required=\"true\" aria-invalid=\"false\" value=\"\" type=\"tel\" name=\"tel\" \/><\/span>\n<\/p>\n<p>Feedback Type<br \/>\n<span class=\"wpcf7-form-control-wrap\" data-name=\"checkbox\"><span class=\"wpcf7-form-control wpcf7-checkbox\"><span class=\"wpcf7-list-item first\"><input type=\"checkbox\" name=\"checkbox[]\" value=\"Request\" \/><span class=\"wpcf7-list-item-label\">Request<\/span><\/span><span class=\"wpcf7-list-item\"><input type=\"checkbox\" name=\"checkbox[]\" value=\"Suggestion\" \/><span class=\"wpcf7-list-item-label\">Suggestion<\/span><\/span><span class=\"wpcf7-list-item\"><input type=\"checkbox\" name=\"checkbox[]\" value=\"Complaint\" \/><span class=\"wpcf7-list-item-label\">Complaint<\/span><\/span><span class=\"wpcf7-list-item last\"><input type=\"checkbox\" name=\"checkbox[]\" value=\"Thankful\" \/><span class=\"wpcf7-list-item-label\">Thankful<\/span><\/span><\/span><\/span>\n<\/p>\n<p>Arkas Office You Get Service From (required)<br \/>\n<span class=\"wpcf7-form-control-wrap\" data-name=\"your-browser\"><select class=\"wpcf7-form-control wpcf7-select wpcf7-validates-as-required\" aria-required=\"true\" aria-invalid=\"false\" name=\"your-browser\"><option value=\"Options\">Options<\/option><option value=\"Izmir\">Izmir<\/option><option value=\"Istanbul\">Istanbul<\/option><option value=\"Ankara\">Ankara<\/option><option value=\"Antalya\">Antalya<\/option><option value=\"Bursa\">Bursa<\/option><option value=\"Denizli\">Denizli<\/option><option value=\"Eskisehir\">Eskisehir<\/option><option value=\"Gaziantep\">Gaziantep<\/option><option value=\"Iskenderun\">Iskenderun<\/option><option value=\"Kayseri\">Kayseri<\/option><option value=\"Konya\">Konya<\/option><option value=\"Mersin\">Mersin<\/option><option value=\"Samsun\">Samsun<\/option><option value=\"Trabzon\">Trabzon<\/option><option value=\"Greece\">Greece<\/option><option value=\"Lebanon\">Lebanon<\/option><option value=\"Italy\">Italy<\/option><option value=\"Monaco\">Monaco<\/option><option value=\"France\">France<\/option><option value=\"Bulgaria\">Bulgaria<\/option><option value=\"Portugal\">Portugal<\/option><option value=\"Romania\">Romania<\/option><option value=\"Spain\">Spain<\/option><option value=\"Ukraine\">Ukraine<\/option><option value=\"Algeria\">Algeria<\/option><option value=\"Russia\">Russia<\/option><option value=\"Morocco\">Morocco<\/option><option value=\"Georgia\">Georgia<\/option><option value=\"Tunisia\">Tunisia<\/option><option value=\"TRNC\">TRNC<\/option><option value=\"Kazakhstan\">Kazakhstan<\/option><option value=\"Libya\">Libya<\/option><option value=\"Azerbaijan\">Azerbaijan<\/option><option value=\"Egypt\">Egypt<\/option><option value=\"Other\">Other<\/option><\/select><\/span>\n<\/p>\n<p>Arkas Company You Get Service From (required)<br \/>\n<span class=\"wpcf7-form-control-wrap\" data-name=\"your-browser\"><select class=\"wpcf7-form-control wpcf7-select wpcf7-validates-as-required\" aria-required=\"true\" aria-invalid=\"false\" name=\"your-browser\"><option value=\"Options\">Options<\/option><option value=\"Arkas Denizcilik ve Nakliyat A.\u015e.\">Arkas Denizcilik ve Nakliyat A.\u015e.<\/option><option value=\"Egekont Konteyner Ta\u015f\u0131mac\u0131l\u0131k A.\u015e.\">Egekont Konteyner Ta\u015f\u0131mac\u0131l\u0131k A.\u015e.<\/option><option value=\"Hapag-Lloyd Deniza\u015f\u0131r\u0131 Nakliyat A.\u015e.\">Hapag-Lloyd Deniza\u015f\u0131r\u0131 Nakliyat A.\u015e.<\/option><option value=\"Yang Ming Anadolu Gemi Acenteli\u011fi A.\u015e.\">Yang Ming Anadolu Gemi Acenteli\u011fi A.\u015e.<\/option><option value=\"Tarros Denizcilik ve Nakliyat A.\u015e.\">Tarros Denizcilik ve Nakliyat A.\u015e.<\/option><option value=\"Arkas Konteyner Ta\u015f\u0131mac\u0131l\u0131k A.\u015e. (Arkas Line)\">Arkas Konteyner Ta\u015f\u0131mac\u0131l\u0131k A.\u015e. (Arkas Line)<\/option><option value=\"Marport Liman \u0130\u015fletmeleri San. ve Tic. A.\u015e.\">Marport Liman \u0130\u015fletmeleri San. ve Tic. A.\u015e.<\/option><option value=\"Limar Liman ve Gemi \u0130\u015fletmeleri A.\u015e.\">Limar Liman ve Gemi \u0130\u015fletmeleri A.\u015e.<\/option><option value=\"Autoport Liman \u0130\u015fletmeleri A.\u015e.\">Autoport Liman \u0130\u015fletmeleri A.\u015e.<\/option><option value=\"Arkas Lojistik A.\u015e.\">Arkas Lojistik A.\u015e.<\/option><option value=\"Ar-G\u00fc Demiryolu Ta\u015f\u0131ma ve Depoculuk A.\u015e.\">Ar-G\u00fc Demiryolu Ta\u015f\u0131ma ve Depoculuk A.\u015e.<\/option><option value=\"Schenker Arkas Nakliyat ve Ticaret A.\u015e.\">Schenker Arkas Nakliyat ve Ticaret A.\u015e.<\/option><option value=\"Arser \u0130\u015f Makineleri Servis ve Ticaret A.\u015e.\">Arser \u0130\u015f Makineleri Servis ve Ticaret A.\u015e.<\/option><option value=\"Arkas Petrol \u00dcr\u00fcnleri ve Ticaret A.\u015e.\">Arkas Petrol \u00dcr\u00fcnleri ve Ticaret A.\u015e.<\/option><option value=\"Arkpet Petrol Ticaret ve Nakliyat A.\u015e.\">Arkpet Petrol Ticaret ve Nakliyat A.\u015e.<\/option><option value=\"Arkas Sigorta Arac\u0131l\u0131k ve Dan\u0131\u015fmanl\u0131k Hizmetleri A.\u015e.\">Arkas Sigorta Arac\u0131l\u0131k ve Dan\u0131\u015fmanl\u0131k Hizmetleri A.\u015e.<\/option><option value=\"Arkas Turizm Seyahat Acentas\u0131 A.\u015e.\">Arkas Turizm Seyahat Acentas\u0131 A.\u015e.<\/option><option value=\"MSC Cruises T\u00fcrkiye\">MSC Cruises T\u00fcrkiye<\/option><option value=\"Arkasair Havac\u0131l\u0131k ve Ticaret A.\u015e.\">Arkasair Havac\u0131l\u0131k ve Ticaret A.\u015e.<\/option><option value=\"Arkas Otomotiv Servis ve Ticaret A.\u015e.\">Arkas Otomotiv Servis ve Ticaret A.\u015e.<\/option><option value=\"Volcar Otomobil ve Yedek Par\u00e7a Sanayi ve Ticaret A.\u015e.\">Volcar Otomobil ve Yedek Par\u00e7a Sanayi ve Ticaret A.\u015e.<\/option><option value=\"Other\">Other<\/option><\/select><\/span>\n<\/p>\n<p>Title<br \/>\n<span class=\"wpcf7-form-control-wrap\" data-name=\"your-subject\"><input size=\"40\" maxlength=\"400\" class=\"wpcf7-form-control wpcf7-text\" aria-invalid=\"false\" value=\"\" type=\"text\" name=\"your-subject\" \/><\/span>\n<\/p>\n<p>Your Message (required)<br \/>\n<span class=\"wpcf7-form-control-wrap\" data-name=\"your-message\"><textarea cols=\"40\" rows=\"10\" maxlength=\"2000\" class=\"wpcf7-form-control wpcf7-textarea\" aria-invalid=\"false\" name=\"your-message\"><\/textarea><\/span>\n<\/p>\n<p><input class=\"wpcf7-form-control wpcf7-submit has-spinner\" type=\"submit\" value=\"Send\" \/>\n<\/p><div class=\"wpcf7-response-output\" aria-hidden=\"true\"><\/div>\n<\/form>\n<\/div>\n<\/div><\/div><\/div><\/div><\/div><\/section>\n","protected":false},"excerpt":{"rendered":"In order to provide you, our valuable customers, with better service, we ask that you share your suggestions, requests and complaints with us. The fields on the request form with the symbol beside them are required, and the information in these fields must be completely filling out. After entering all of the information on the...","protected":false},"author":1,"featured_media":0,"parent":12245,"menu_order":0,"comment_status":"closed","ping_status":"closed","template":"","meta":{"_acf_changed":false,"footnotes":""},"class_list":["post-16619","page","type-page","status-publish","hentry"],"acf":[],"_links":{"self":[{"href":"https:\/\/arkas.com.tr\/en\/wp-json\/wp\/v2\/pages\/16619","targetHints":{"allow":["GET"]}}],"collection":[{"href":"https:\/\/arkas.com.tr\/en\/wp-json\/wp\/v2\/pages"}],"about":[{"href":"https:\/\/arkas.com.tr\/en\/wp-json\/wp\/v2\/types\/page"}],"author":[{"embeddable":true,"href":"https:\/\/arkas.com.tr\/en\/wp-json\/wp\/v2\/users\/1"}],"replies":[{"embeddable":true,"href":"https:\/\/arkas.com.tr\/en\/wp-json\/wp\/v2\/comments?post=16619"}],"version-history":[{"count":2,"href":"https:\/\/arkas.com.tr\/en\/wp-json\/wp\/v2\/pages\/16619\/revisions"}],"predecessor-version":[{"id":16636,"href":"https:\/\/arkas.com.tr\/en\/wp-json\/wp\/v2\/pages\/16619\/revisions\/16636"}],"up":[{"embeddable":true,"href":"https:\/\/arkas.com.tr\/en\/wp-json\/wp\/v2\/pages\/12245"}],"wp:attachment":[{"href":"https:\/\/arkas.com.tr\/en\/wp-json\/wp\/v2\/media?parent=16619"}],"curies":[{"name":"wp","href":"https:\/\/api.w.org\/{rel}","templated":true}]}}